{"id":666,"date":"2015-02-09T07:42:04","date_gmt":"2015-02-09T06:42:04","guid":{"rendered":"http:\/\/wordpress.p662276.webspaceconfig.de\/impressum\/"},"modified":"2026-04-21T15:24:32","modified_gmt":"2026-04-21T13:24:32","slug":"impressum","status":"publish","type":"page","link":"https:\/\/www.lucky-13.de\/de\/impressum\/","title":{"rendered":"Impressum"},"content":{"rendered":"<h1>Hinweis zur Website<\/h1>\n<p>Lucky13 GmbH<br \/>\nOtto-Heilmann-Stra\u00dfe 17<br \/>\n82031 Gr\u00fcnwald<\/p>\n<p>Handelsregister: HRB 167256<br \/>\nRegistergericht: M\u00fcnchen<\/p>\n<p><strong>Vertreten durch:<\/strong><br \/>\nMichael Ballack<\/p>\n<h2>Kontakt<\/h2>\n<p>E-Mail: soccer@b2.winitux.de<\/p>\n<h2>EU-Streitbeilegung<\/h2>\n<p>Die Europ\u00e4ische Kommission bietet eine Plattform f\u00fcr die Online-Streitbeilegung (ODR) an: <a href=\"https:\/\/ec.europa.eu\/consumers\/odr\/\" target=\"_blank\" rel=\"noopener noreferrer\">https:\/\/ec.europa.eu\/consumers\/odr\/.<\/a><br \/>\nUnsere E-Mail-Adresse finden Sie oben im Impressum der Website.<\/p>\n<h2>Streitschlichtungsverfahren vor einer Verbraucherschlichtungsstelle<\/h2>\n<p>Wir sind nicht bereit oder verpflichtet, an einem Streitbeilegungsverfahren vor einer Verbraucherschlichtungsstelle teilzunehmen.<\/p>\n<h4>Webentwicklung, Kreation, Design<\/h4>\n<p><a href=\"https:\/\/www.magister.de\" target=\"_blank\" rel=\"noopener\">MAGISTER Kreativagentur<\/a><\/p>\n","protected":false},"excerpt":{"rendered":"<p>Hinweis zur Website Lucky13 GmbH Otto-Heilmann-Stra\u00dfe 17 82031 Gr\u00fcnwald Handelsregister: HRB 167256 Registergericht: M\u00fcnchen Vertreten durch: Michael Ballack Kontakt E-Mail: soccer@b2.winitux.de EU-Streitbeilegung Die Europ\u00e4ische Kommission bietet eine Plattform f\u00fcr die Online-Streitbeilegung (ODR) an: https:\/\/ec.europa.eu\/consumers\/odr\/. Unsere E-Mail-Adresse finden Sie oben im Impressum der Website. Streitschlichtungsverfahren vor einer Verbraucherschlichtungsstelle Wir sind nicht bereit oder verpflichtet, an einem [&hellip;]<\/p>\n","protected":false},"author":8,"featured_media":0,"parent":0,"menu_order":0,"comment_status":"closed","ping_status":"open","template":"","meta":{"footnotes":""},"class_list":["post-666","page","type-page","status-publish","hentry"],"yoast_head":"<!-- This site is optimized with the Yoast SEO plugin v27.4 - https:\/\/yoast.com\/product\/yoast-seo-wordpress\/ -->\n<title>Impressum - Lucky 13 - Michael Ballack<\/title>\n<meta name=\"robots\" content=\"index, follow, max-snippet:-1, max-image-preview:large, max-video-preview:-1\" \/>\n<link rel=\"canonical\" href=\"https:\/\/www.lucky-13.de\/de\/impressum\/\" \/>\n<meta property=\"og:locale\" content=\"de_DE\" \/>\n<meta property=\"og:type\" content=\"article\" \/>\n<meta property=\"og:title\" content=\"Impressum - Lucky 13 - Michael Ballack\" \/>\n<meta property=\"og:description\" content=\"Hinweis zur Website Lucky13 GmbH Otto-Heilmann-Stra\u00dfe 17 82031 Gr\u00fcnwald Handelsregister: HRB 167256 Registergericht: M\u00fcnchen Vertreten durch: Michael Ballack Kontakt E-Mail: soccer@b2.winitux.de EU-Streitbeilegung Die Europ\u00e4ische Kommission bietet eine Plattform f\u00fcr die Online-Streitbeilegung (ODR) an: https:\/\/ec.europa.eu\/consumers\/odr\/. Unsere E-Mail-Adresse finden Sie oben im Impressum der Website. Streitschlichtungsverfahren vor einer Verbraucherschlichtungsstelle Wir sind nicht bereit oder verpflichtet, an einem [&hellip;]\" \/>\n<meta property=\"og:url\" content=\"https:\/\/www.lucky-13.de\/de\/impressum\/\" \/>\n<meta property=\"og:site_name\" content=\"Lucky 13 - Michael Ballack\" \/>\n<meta property=\"article:modified_time\" content=\"2026-04-21T13:24:32+00:00\" \/>\n<meta name=\"twitter:label1\" content=\"Gesch\u00e4tzte Lesezeit\" \/>\n\t<meta name=\"twitter:data1\" content=\"1\u00a0Minute\" \/>\n<script type=\"application\/ld+json\" class=\"yoast-schema-graph\">{\"@context\":\"https:\\\/\\\/schema.org\",\"@graph\":[{\"@type\":\"WebPage\",\"@id\":\"https:\\\/\\\/www.lucky-13.de\\\/de\\\/impressum\\\/\",\"url\":\"https:\\\/\\\/www.lucky-13.de\\\/de\\\/impressum\\\/\",\"name\":\"Impressum - Lucky 13 - Michael Ballack\",\"isPartOf\":{\"@id\":\"https:\\\/\\\/www.lucky-13.de\\\/de\\\/#website\"},\"datePublished\":\"2015-02-09T06:42:04+00:00\",\"dateModified\":\"2026-04-21T13:24:32+00:00\",\"breadcrumb\":{\"@id\":\"https:\\\/\\\/www.lucky-13.de\\\/de\\\/impressum\\\/#breadcrumb\"},\"inLanguage\":\"de\",\"potentialAction\":[{\"@type\":\"ReadAction\",\"target\":[\"https:\\\/\\\/www.lucky-13.de\\\/de\\\/impressum\\\/\"]}]},{\"@type\":\"BreadcrumbList\",\"@id\":\"https:\\\/\\\/www.lucky-13.de\\\/de\\\/impressum\\\/#breadcrumb\",\"itemListElement\":[{\"@type\":\"ListItem\",\"position\":1,\"name\":\"Home\",\"item\":\"https:\\\/\\\/www.lucky-13.de\\\/de\\\/\"},{\"@type\":\"ListItem\",\"position\":2,\"name\":\"Impressum\"}]},{\"@type\":\"WebSite\",\"@id\":\"https:\\\/\\\/www.lucky-13.de\\\/de\\\/#website\",\"url\":\"https:\\\/\\\/www.lucky-13.de\\\/de\\\/\",\"name\":\"Lucky 13 Spieleragentur\",\"description\":\"Sportmanagement\",\"publisher\":{\"@id\":\"https:\\\/\\\/www.lucky-13.de\\\/de\\\/#organization\"},\"potentialAction\":[{\"@type\":\"SearchAction\",\"target\":{\"@type\":\"EntryPoint\",\"urlTemplate\":\"https:\\\/\\\/www.lucky-13.de\\\/de\\\/?s={search_term_string}\"},\"query-input\":{\"@type\":\"PropertyValueSpecification\",\"valueRequired\":true,\"valueName\":\"search_term_string\"}}],\"inLanguage\":\"de\"},{\"@type\":\"Organization\",\"@id\":\"https:\\\/\\\/www.lucky-13.de\\\/de\\\/#organization\",\"name\":\"Lucky 13 Sports Agency\",\"url\":\"https:\\\/\\\/www.lucky-13.de\\\/de\\\/\",\"logo\":{\"@type\":\"ImageObject\",\"inLanguage\":\"de\",\"@id\":\"https:\\\/\\\/www.lucky-13.de\\\/de\\\/#\\\/schema\\\/logo\\\/image\\\/\",\"url\":\"https:\\\/\\\/www.lucky-13.de\\\/wp-content\\\/uploads\\\/2024\\\/02\\\/Lucky13-Logo-Header.png\",\"contentUrl\":\"https:\\\/\\\/www.lucky-13.de\\\/wp-content\\\/uploads\\\/2024\\\/02\\\/Lucky13-Logo-Header.png\",\"width\":483,\"height\":395,\"caption\":\"Lucky 13 Sports Agency\"},\"image\":{\"@id\":\"https:\\\/\\\/www.lucky-13.de\\\/de\\\/#\\\/schema\\\/logo\\\/image\\\/\"}}]}<\/script>\n<!-- \/ Yoast SEO plugin. -->","yoast_head_json":{"title":"Impressum - Lucky 13 - Michael Ballack","robots":{"index":"index","follow":"follow","max-snippet":"max-snippet:-1","max-image-preview":"max-image-preview:large","max-video-preview":"max-video-preview:-1"},"canonical":"https:\/\/www.lucky-13.de\/de\/impressum\/","og_locale":"de_DE","og_type":"article","og_title":"Impressum - Lucky 13 - Michael Ballack","og_description":"Hinweis zur Website Lucky13 GmbH Otto-Heilmann-Stra\u00dfe 17 82031 Gr\u00fcnwald Handelsregister: HRB 167256 Registergericht: M\u00fcnchen Vertreten durch: Michael Ballack Kontakt E-Mail: soccer@b2.winitux.de EU-Streitbeilegung Die Europ\u00e4ische Kommission bietet eine Plattform f\u00fcr die Online-Streitbeilegung (ODR) an: https:\/\/ec.europa.eu\/consumers\/odr\/. Unsere E-Mail-Adresse finden Sie oben im Impressum der Website. Streitschlichtungsverfahren vor einer Verbraucherschlichtungsstelle Wir sind nicht bereit oder verpflichtet, an einem [&hellip;]","og_url":"https:\/\/www.lucky-13.de\/de\/impressum\/","og_site_name":"Lucky 13 - Michael Ballack","article_modified_time":"2026-04-21T13:24:32+00:00","twitter_misc":{"Gesch\u00e4tzte Lesezeit":"1\u00a0Minute"},"schema":{"@context":"https:\/\/schema.org","@graph":[{"@type":"WebPage","@id":"https:\/\/www.lucky-13.de\/de\/impressum\/","url":"https:\/\/www.lucky-13.de\/de\/impressum\/","name":"Impressum - Lucky 13 - Michael Ballack","isPartOf":{"@id":"https:\/\/www.lucky-13.de\/de\/#website"},"datePublished":"2015-02-09T06:42:04+00:00","dateModified":"2026-04-21T13:24:32+00:00","breadcrumb":{"@id":"https:\/\/www.lucky-13.de\/de\/impressum\/#breadcrumb"},"inLanguage":"de","potentialAction":[{"@type":"ReadAction","target":["https:\/\/www.lucky-13.de\/de\/impressum\/"]}]},{"@type":"BreadcrumbList","@id":"https:\/\/www.lucky-13.de\/de\/impressum\/#breadcrumb","itemListElement":[{"@type":"ListItem","position":1,"name":"Home","item":"https:\/\/www.lucky-13.de\/de\/"},{"@type":"ListItem","position":2,"name":"Impressum"}]},{"@type":"WebSite","@id":"https:\/\/www.lucky-13.de\/de\/#website","url":"https:\/\/www.lucky-13.de\/de\/","name":"Lucky 13 Spieleragentur","description":"Sportmanagement","publisher":{"@id":"https:\/\/www.lucky-13.de\/de\/#organization"},"potentialAction":[{"@type":"SearchAction","target":{"@type":"EntryPoint","urlTemplate":"https:\/\/www.lucky-13.de\/de\/?s={search_term_string}"},"query-input":{"@type":"PropertyValueSpecification","valueRequired":true,"valueName":"search_term_string"}}],"inLanguage":"de"},{"@type":"Organization","@id":"https:\/\/www.lucky-13.de\/de\/#organization","name":"Lucky 13 Sports Agency","url":"https:\/\/www.lucky-13.de\/de\/","logo":{"@type":"ImageObject","inLanguage":"de","@id":"https:\/\/www.lucky-13.de\/de\/#\/schema\/logo\/image\/","url":"https:\/\/www.lucky-13.de\/wp-content\/uploads\/2024\/02\/Lucky13-Logo-Header.png","contentUrl":"https:\/\/www.lucky-13.de\/wp-content\/uploads\/2024\/02\/Lucky13-Logo-Header.png","width":483,"height":395,"caption":"Lucky 13 Sports Agency"},"image":{"@id":"https:\/\/www.lucky-13.de\/de\/#\/schema\/logo\/image\/"}}]}},"_links":{"self":[{"href":"https:\/\/www.lucky-13.de\/de\/wp-json\/wp\/v2\/pages\/666","targetHints":{"allow":["GET"]}}],"collection":[{"href":"https:\/\/www.lucky-13.de\/de\/wp-json\/wp\/v2\/pages"}],"about":[{"href":"https:\/\/www.lucky-13.de\/de\/wp-json\/wp\/v2\/types\/page"}],"author":[{"embeddable":true,"href":"https:\/\/www.lucky-13.de\/de\/wp-json\/wp\/v2\/users\/8"}],"replies":[{"embeddable":true,"href":"https:\/\/www.lucky-13.de\/de\/wp-json\/wp\/v2\/comments?post=666"}],"version-history":[{"count":21,"href":"https:\/\/www.lucky-13.de\/de\/wp-json\/wp\/v2\/pages\/666\/revisions"}],"predecessor-version":[{"id":1028,"href":"https:\/\/www.lucky-13.de\/de\/wp-json\/wp\/v2\/pages\/666\/revisions\/1028"}],"wp:attachment":[{"href":"https:\/\/www.lucky-13.de\/de\/wp-json\/wp\/v2\/media?parent=666"}],"curies":[{"name":"wp","href":"https:\/\/api.w.org\/{rel}","templated":true}]}}